{"id":96,"date":"2024-03-09T17:09:02","date_gmt":"2024-03-09T20:09:02","guid":{"rendered":"https:\/\/tsmart.com.br\/?page_id=96"},"modified":"2024-03-23T16:40:47","modified_gmt":"2024-03-23T19:40:47","slug":"zabbix","status":"publish","type":"page","link":"https:\/\/tsmart.com.br\/index.php\/zabbix\/","title":{"rendered":"Zabbix"},"content":{"rendered":"\n<p>O Zabbix \u00e9 uma poderosa ferramenta de monitoramento de c\u00f3digo aberto projetada para acompanhar o desempenho e a disponibilidade de redes, sistemas e aplicativos. Desenvolvido para ambientes empresariais, o Zabbix oferece uma variedade de recursos que o tornam uma escolha popular entre os profissionais de TI. Algumas caracter\u00edsticas-chave incluem:<\/p>\n\n\n\n<ol class=\"wp-block-list\">\n<li><strong>Monitoramento abrangente:<\/strong> O Zabbix permite monitorar diversos elementos, como servidores, dispositivos de rede, servi\u00e7os e aplicativos, oferecendo uma vis\u00e3o abrangente do ambiente de TI.<\/li>\n\n\n\n<li><strong>Coleta de dados flex\u00edvel:<\/strong> A ferramenta suporta diferentes m\u00e9todos de coleta de dados, incluindo SNMP, IPMI, JMX, entre outros. Isso possibilita monitorar uma ampla gama de dispositivos e servi\u00e7os.<\/li>\n\n\n\n<li><strong>Alertas configur\u00e1veis:<\/strong> O Zabbix alerta os administradores sobre problemas potenciais em tempo real, permitindo a configura\u00e7\u00e3o de alertas personalizados com base em crit\u00e9rios espec\u00edficos.<\/li>\n\n\n\n<li><strong>Visualiza\u00e7\u00e3o gr\u00e1fica:<\/strong> Fornece recursos visuais, como gr\u00e1ficos e mapas, para uma an\u00e1lise mais f\u00e1cil e r\u00e1pida do desempenho e da tend\u00eancia hist\u00f3rica dos componentes monitorados.<\/li>\n\n\n\n<li><strong>Capacidade de automa\u00e7\u00e3o:<\/strong> Oferece a capacidade de automatizar tarefas de manuten\u00e7\u00e3o e a\u00e7\u00f5es corretivas com base em condi\u00e7\u00f5es predefinidas, economizando tempo e recursos.<\/li>\n\n\n\n<li><strong>Relat\u00f3rios e an\u00e1lises:<\/strong> O Zabbix fornece relat\u00f3rios detalhados e an\u00e1lises que auxiliam na identifica\u00e7\u00e3o de tend\u00eancias, no planejamento de capacidade e na solu\u00e7\u00e3o proativa de problemas.<\/li>\n\n\n\n<li><strong>Seguran\u00e7a:<\/strong> Incorpora recursos avan\u00e7ados de seguran\u00e7a para proteger dados sens\u00edveis e garantir que as comunica\u00e7\u00f5es entre os componentes do sistema sejam seguras.<\/li>\n<\/ol>\n\n\n\n<p>Em resumo, o Zabbix \u00e9 uma solu\u00e7\u00e3o vers\u00e1til e robusta para monitoramento de infraestrutura de TI, oferecendo uma ampla gama de recursos para garantir a efici\u00eancia operacional e a disponibilidade de sistemas cr\u00edticos.<\/p>\n\n\n\n<figure class=\"wp-block-image size-large\"><img loading=\"lazy\" decoding=\"async\" width=\"1024\" height=\"574\" src=\"https:\/\/tsmart.com.br\/wp-content\/uploads\/2024\/03\/zabbix01-1024x574.png\" alt=\"\" class=\"wp-image-117\" srcset=\"https:\/\/tsmart.com.br\/wp-content\/uploads\/2024\/03\/zabbix01-1024x574.png 1024w, https:\/\/tsmart.com.br\/wp-content\/uploads\/2024\/03\/zabbix01-300x168.png 300w, https:\/\/tsmart.com.br\/wp-content\/uploads\/2024\/03\/zabbix01-768x430.png 768w, https:\/\/tsmart.com.br\/wp-content\/uploads\/2024\/03\/zabbix01-1536x861.png 1536w, https:\/\/tsmart.com.br\/wp-content\/uploads\/2024\/03\/zabbix01-825x462.png 825w, https:\/\/tsmart.com.br\/wp-content\/uploads\/2024\/03\/zabbix01-1784x1000.png 1784w, https:\/\/tsmart.com.br\/wp-content\/uploads\/2024\/03\/zabbix01-600x336.png 600w, https:\/\/tsmart.com.br\/wp-content\/uploads\/2024\/03\/zabbix01-400x224.png 400w, https:\/\/tsmart.com.br\/wp-content\/uploads\/2024\/03\/zabbix01.png 1904w\" sizes=\"auto, (max-width: 1024px) 100vw, 1024px\" \/><\/figure>\n\n\n\n<figure class=\"wp-block-image size-large\"><img loading=\"lazy\" decoding=\"async\" width=\"1024\" height=\"532\" src=\"https:\/\/tsmart.com.br\/wp-content\/uploads\/2024\/03\/zabbix02-1024x532.jpg\" alt=\"\" class=\"wp-image-118\" srcset=\"https:\/\/tsmart.com.br\/wp-content\/uploads\/2024\/03\/zabbix02-1024x532.jpg 1024w, https:\/\/tsmart.com.br\/wp-content\/uploads\/2024\/03\/zabbix02-300x156.jpg 300w, https:\/\/tsmart.com.br\/wp-content\/uploads\/2024\/03\/zabbix02-768x399.jpg 768w, https:\/\/tsmart.com.br\/wp-content\/uploads\/2024\/03\/zabbix02-825x428.jpg 825w, https:\/\/tsmart.com.br\/wp-content\/uploads\/2024\/03\/zabbix02-600x312.jpg 600w, https:\/\/tsmart.com.br\/wp-content\/uploads\/2024\/03\/zabbix02-400x208.jpg 400w, https:\/\/tsmart.com.br\/wp-content\/uploads\/2024\/03\/zabbix02.jpg 1200w\" sizes=\"auto, (max-width: 1024px) 100vw, 1024px\" \/><\/figure>\n","protected":false},"excerpt":{"rendered":"<p>O Zabbix \u00e9 uma poderosa ferramenta de monitoramento de c\u00f3digo aberto projetada para acompanhar o desempenho e a disponibilidade de redes, sistemas e aplicativos. Desenvolvido para ambientes empresariais, o Zabbix&hellip;<a href=\"https:\/\/tsmart.com.br\/index.php\/zabbix\/\" class=\"more-link\"><span class=\"more-button\">Continue reading<span class=\"screen-reader-text\">Zabbix<\/span><\/span><\/a><\/p>\n","protected":false},"author":1,"featured_media":0,"parent":0,"menu_order":0,"comment_status":"closed","ping_status":"closed","template":"","meta":{"footnotes":""},"class_list":["post-96","page","type-page","status-publish","hentry"],"_links":{"self":[{"href":"https:\/\/tsmart.com.br\/index.php\/wp-json\/wp\/v2\/pages\/96","targetHints":{"allow":["GET"]}}],"collection":[{"href":"https:\/\/tsmart.com.br\/index.php\/wp-json\/wp\/v2\/pages"}],"about":[{"href":"https:\/\/tsmart.com.br\/index.php\/wp-json\/wp\/v2\/types\/page"}],"author":[{"embeddable":true,"href":"https:\/\/tsmart.com.br\/index.php\/wp-json\/wp\/v2\/users\/1"}],"replies":[{"embeddable":true,"href":"https:\/\/tsmart.com.br\/index.php\/wp-json\/wp\/v2\/comments?post=96"}],"version-history":[{"count":2,"href":"https:\/\/tsmart.com.br\/index.php\/wp-json\/wp\/v2\/pages\/96\/revisions"}],"predecessor-version":[{"id":120,"href":"https:\/\/tsmart.com.br\/index.php\/wp-json\/wp\/v2\/pages\/96\/revisions\/120"}],"wp:attachment":[{"href":"https:\/\/tsmart.com.br\/index.php\/wp-json\/wp\/v2\/media?parent=96"}],"curies":[{"name":"wp","href":"https:\/\/api.w.org\/{rel}","templated":true}]}}