{"id":8,"date":"2023-04-23T16:19:28","date_gmt":"2023-04-23T19:19:28","guid":{"rendered":"https:\/\/tsmart.com.br\/?page_id=8"},"modified":"2023-05-03T21:51:01","modified_gmt":"2023-05-04T00:51:01","slug":"produtos-e-servicos","status":"publish","type":"page","link":"https:\/\/tsmart.com.br\/index.php\/produtos-e-servicos\/","title":{"rendered":"Produtos e Servi\u00e7os"},"content":{"rendered":"\n<p class=\"has-medium-font-size\"><strong>Desenvolvimento \u00c1gil de Aplica\u00e7\u00f5es<\/strong>.<\/p>\n\n\n\n<p>Precisa de softwares, sistemas e solu\u00e7\u00f5es customizadas e com entrega r\u00e1pida, sem burocracia. Temos as solu\u00e7\u00f5es certas para voc\u00ea e para a sua organiza\u00e7\u00e3o.<\/p>\n\n\n\n\n\n<p class=\"has-medium-font-size\"><strong>HelpDesk e Gest\u00e3o de Tecnologia da Informa\u00e7\u00e3o.<\/strong><\/p>\n\n\n\n<p>Dedique-se ao neg\u00f3cio e n\u00f3s cuidamos da Tecnologia como servi\u00e7o a sua opera\u00e7\u00e3o. Sistemas de Gerenciamento de Redes, Chamados t\u00e9cnicos, Performance Operacional e  Custos de Tecnologia da Informa\u00e7\u00e3o. Passamos por todas as camadas existentes na \u00e1rea de ICT e portanto, a gest\u00e3o de TI \u00e9 uma de nossas especialidades. <\/p>\n\n\n\n<figure class=\"wp-block-image size-full is-resized\"><img loading=\"lazy\" decoding=\"async\" src=\"https:\/\/tsmart.com.br\/wp-content\/uploads\/2023\/05\/3c4eeed4-parceria-6-1024x640-1.jpg\" alt=\"\" class=\"wp-image-52\" width=\"1068\" height=\"668\" srcset=\"https:\/\/tsmart.com.br\/wp-content\/uploads\/2023\/05\/3c4eeed4-parceria-6-1024x640-1.jpg 1024w, https:\/\/tsmart.com.br\/wp-content\/uploads\/2023\/05\/3c4eeed4-parceria-6-1024x640-1-300x188.jpg 300w, https:\/\/tsmart.com.br\/wp-content\/uploads\/2023\/05\/3c4eeed4-parceria-6-1024x640-1-768x480.jpg 768w, https:\/\/tsmart.com.br\/wp-content\/uploads\/2023\/05\/3c4eeed4-parceria-6-1024x640-1-825x516.jpg 825w, https:\/\/tsmart.com.br\/wp-content\/uploads\/2023\/05\/3c4eeed4-parceria-6-1024x640-1-600x375.jpg 600w, https:\/\/tsmart.com.br\/wp-content\/uploads\/2023\/05\/3c4eeed4-parceria-6-1024x640-1-400x250.jpg 400w\" sizes=\"auto, (max-width: 1068px) 100vw, 1068px\" \/><\/figure>\n\n\n\n<p class=\"has-medium-font-size\"><strong>Infraestrutura de Tecnologia da Informa\u00e7\u00e3o.<\/strong><\/p>\n\n\n\n<p>De escrit\u00f3rios remotos, Projetos de Datacenter, Networking a mudan\u00e7a de ambientes F\u00edsicos para Nuvens (Clouding), assim como a portabilidade das nuvens para ambiente f\u00edsicos (Data Repatriation). Possu\u00edmos uma grande e diversa experiencia em projetos de Infraestrutura de TI para pequenas, medias e grandes organiza\u00e7\u00f5es, sempre focados em seguran\u00e7a, confiabilidade e alta disponibilidade.<\/p>\n\n\n\n\n\n<p class=\"has-medium-font-size\"><strong>IOT e Industria 4.0<\/strong>.<\/p>\n\n\n\n<p>Com mais de 20 anos atuando em tecnologia da Informa\u00e7\u00e3o dentro da Industria, possu\u00edmos Know-How e condi\u00e7\u00f5es de desenvolver projetos que possibilitem a nossos clientes e parceiros, ganhos econ\u00f4micos e operacionais efetivos em seus processos produtivos. <br>Desenvolvemos Hardwares, Plataforma e sistemas que oferecem suporte a 4a Gera\u00e7\u00e3o do Modelo Produtivo.<br>Conecte-se a tudo e de qualquer lugar e obtenha o m\u00e1ximo que a Internet das coisas pode entregar ao seu neg\u00f3cio.<\/p>\n\n\n\n\n\n<p class=\"has-medium-font-size\"><strong>Seguran\u00e7a da Informa\u00e7\u00e3o, Prote\u00e7\u00e3o a Privacidade e Compliance.<\/strong><\/p>\n\n\n\n<p>Com profissionais certificados nos Principais Frameworks de Mercado, possu\u00edmos um time multidisciplinar, capaz de suportar as organiza\u00e7\u00f5es e profissionais em temas relacionados a Seguran\u00e7a da Informa\u00e7\u00e3o e Prote\u00e7\u00e3o de dados em um mundo cada vez mais conectado.Aplicando metodologias e ferramentas referencias no mercado asseguramos  assim o total respaldo jur\u00eddico e t\u00e9cnico nas opera\u00e7\u00f5es de nossos clientes e parceiros.<\/p>\n\n\n<div class=\"wp-block-image\">\n<figure class=\"aligncenter size-full is-resized\"><img loading=\"lazy\" decoding=\"async\" src=\"https:\/\/tsmart.com.br\/wp-content\/uploads\/2023\/05\/map_networking.png\" alt=\"\" class=\"wp-image-50\" width=\"1062\" height=\"554\" srcset=\"https:\/\/tsmart.com.br\/wp-content\/uploads\/2023\/05\/map_networking.png 728w, https:\/\/tsmart.com.br\/wp-content\/uploads\/2023\/05\/map_networking-300x157.png 300w, https:\/\/tsmart.com.br\/wp-content\/uploads\/2023\/05\/map_networking-600x313.png 600w, https:\/\/tsmart.com.br\/wp-content\/uploads\/2023\/05\/map_networking-400x209.png 400w\" sizes=\"auto, (max-width: 1062px) 100vw, 1062px\" \/><\/figure>\n<\/div>\n\n\n<p class=\"has-medium-font-size\"><strong>Software Livre.<\/strong><\/p>\n\n\n\n<p>Acreditamos que softwares livres s\u00e3o uma realidade que deixou os bancos do mundo acad\u00eamico e est\u00e3o cada dia mais, inseridos nas organiza\u00e7\u00f5es provendo solu\u00e7\u00f5es de alto desempenho e de grande ader\u00eancia aos neg\u00f3cios e processos. <\/p>\n\n\n","protected":false},"excerpt":{"rendered":"<p>Desenvolvimento \u00c1gil de Aplica\u00e7\u00f5es. Precisa de softwares, sistemas e solu\u00e7\u00f5es customizadas e com entrega r\u00e1pida, sem burocracia. Temos as solu\u00e7\u00f5es certas para voc\u00ea e para a sua organiza\u00e7\u00e3o. HelpDesk e&hellip;<a href=\"https:\/\/tsmart.com.br\/index.php\/produtos-e-servicos\/\" class=\"more-link\"><span class=\"more-button\">Continue reading<span class=\"screen-reader-text\">Produtos e Servi\u00e7os<\/span><\/span><\/a><\/p>\n","protected":false},"author":1,"featured_media":0,"parent":0,"menu_order":0,"comment_status":"closed","ping_status":"closed","template":"","meta":{"footnotes":""},"class_list":["post-8","page","type-page","status-publish","hentry"],"_links":{"self":[{"href":"https:\/\/tsmart.com.br\/index.php\/wp-json\/wp\/v2\/pages\/8","targetHints":{"allow":["GET"]}}],"collection":[{"href":"https:\/\/tsmart.com.br\/index.php\/wp-json\/wp\/v2\/pages"}],"about":[{"href":"https:\/\/tsmart.com.br\/index.php\/wp-json\/wp\/v2\/types\/page"}],"author":[{"embeddable":true,"href":"https:\/\/tsmart.com.br\/index.php\/wp-json\/wp\/v2\/users\/1"}],"replies":[{"embeddable":true,"href":"https:\/\/tsmart.com.br\/index.php\/wp-json\/wp\/v2\/comments?post=8"}],"version-history":[{"count":9,"href":"https:\/\/tsmart.com.br\/index.php\/wp-json\/wp\/v2\/pages\/8\/revisions"}],"predecessor-version":[{"id":56,"href":"https:\/\/tsmart.com.br\/index.php\/wp-json\/wp\/v2\/pages\/8\/revisions\/56"}],"wp:attachment":[{"href":"https:\/\/tsmart.com.br\/index.php\/wp-json\/wp\/v2\/media?parent=8"}],"curies":[{"name":"wp","href":"https:\/\/api.w.org\/{rel}","templated":true}]}}