{"id":69,"date":"2023-06-08T20:09:01","date_gmt":"2023-06-08T23:09:01","guid":{"rendered":"https:\/\/tsmart.com.br\/?page_id=69"},"modified":"2023-06-08T20:13:34","modified_gmt":"2023-06-08T23:13:34","slug":"pentaho-suite","status":"publish","type":"page","link":"https:\/\/tsmart.com.br\/index.php\/pentaho-suite\/","title":{"rendered":"Pentaho Suite"},"content":{"rendered":"\n<p>O Pentaho \u00e9 uma plataforma de c\u00f3digo aberto que fornece uma su\u00edte abrangente de ferramentas de intelig\u00eancia empresarial (BI) e an\u00e1lise de dados. Ele \u00e9 projetado para ajudar as organiza\u00e7\u00f5es a extrair insights valiosos a partir de seus dados, facilitando a tomada de decis\u00f5es informadas e estrat\u00e9gicas.<\/p>\n\n\n\n<p>A su\u00edte Pentaho consiste em v\u00e1rias ferramentas que abrangem todas as etapas do ciclo de vida da an\u00e1lise de dados. Algumas das principais componentes do Pentaho incluem:<\/p>\n\n\n\n<ol class=\"wp-block-list\">\n<li>Pentaho Data Integration (PDI): Tamb\u00e9m conhecido como Kettle, \u00e9 uma ferramenta de integra\u00e7\u00e3o de dados que permite extrair, transformar e carregar dados (ETL). Com o PDI, voc\u00ea pode extrair dados de v\u00e1rias fontes, transform\u00e1-los conforme necess\u00e1rio e carreg\u00e1-los em um destino desejado. Ele suporta uma ampla variedade de fontes de dados, como bancos de dados relacionais, planilhas, arquivos CSV, aplicativos da web e muito mais.<\/li>\n\n\n\n<li>Pentaho Business Analytics: \u00c9 uma su\u00edte de ferramentas de an\u00e1lise de dados que permite criar pain\u00e9is interativos, relat\u00f3rios e visualiza\u00e7\u00f5es de dados. Voc\u00ea pode explorar seus dados de forma visual, criar gr\u00e1ficos, tabelas e pain\u00e9is de controle personalizados para monitorar m\u00e9tricas-chave de neg\u00f3cios. O Pentaho Business Analytics oferece recursos avan\u00e7ados, como an\u00e1lise preditiva, minera\u00e7\u00e3o de dados e recursos de cria\u00e7\u00e3o de cen\u00e1rios.<\/li>\n\n\n\n<li>Pentaho Metadata: Essa ferramenta permite criar uma camada de metadados para abstrair a complexidade dos diferentes sistemas de dados subjacentes. Com a camada de metadados, voc\u00ea pode mapear e organizar os diferentes elementos dos dados de forma consistente, facilitando o acesso e a an\u00e1lise.<\/li>\n\n\n\n<li>Pentaho Report Designer: \u00c9 uma ferramenta para cria\u00e7\u00e3o de relat\u00f3rios altamente personalizados. Com o Report Designer, voc\u00ea pode criar relat\u00f3rios formatados, tabulares e at\u00e9 mesmo relat\u00f3rios com gr\u00e1ficos. Ele suporta recursos avan\u00e7ados, como agrupamento, filtragem, c\u00e1lculos personalizados e exporta\u00e7\u00e3o para v\u00e1rios formatos, como PDF, HTML, Excel, entre outros.<\/li>\n\n\n\n<li>Pentaho Dashboards: \u00c9 uma ferramenta para cria\u00e7\u00e3o de pain\u00e9is de controle interativos. Com o Pentaho Dashboards, voc\u00ea pode combinar v\u00e1rias visualiza\u00e7\u00f5es, gr\u00e1ficos e tabelas em um \u00fanico painel interativo. Isso permite que os usu\u00e1rios explorem os dados de maneira visual, identifiquem tend\u00eancias e tomem decis\u00f5es com base nas informa\u00e7\u00f5es apresentadas.<\/li>\n<\/ol>\n\n\n\n<p>O Pentaho suporta a integra\u00e7\u00e3o com v\u00e1rias fontes de dados, como bancos de dados relacionais, bancos de dados NoSQL, servi\u00e7os da web, arquivos CSV, entre outros. Ele tamb\u00e9m oferece recursos avan\u00e7ados de seguran\u00e7a, agendamento de tarefas e colabora\u00e7\u00e3o entre equipes.<\/p>\n\n\n\n<p>Como \u00e9 uma plataforma de c\u00f3digo aberto, o Pentaho tem uma comunidade ativa que contribui para seu desenvolvimento cont\u00ednuo. Isso significa que voc\u00ea pode aproveitar extens\u00f5es e personaliza\u00e7\u00f5es adicionais criadas pela comunidade para atender \u00e0s suas necessidades espec\u00edficas.<\/p>\n\n\n\n<p>Fale com nossa equipe sobre as possibilidades a serem alcan\u00e7adas com a ferramenta.<\/p>\n\n\n\n<figure class=\"wp-block-image size-large\"><img loading=\"lazy\" decoding=\"async\" width=\"1024\" height=\"747\" src=\"https:\/\/tsmart.com.br\/wp-content\/uploads\/2023\/06\/exploreSamples_PENTAHO-1024x747.png\" alt=\"\" class=\"wp-image-70\" srcset=\"https:\/\/tsmart.com.br\/wp-content\/uploads\/2023\/06\/exploreSamples_PENTAHO-1024x747.png 1024w, https:\/\/tsmart.com.br\/wp-content\/uploads\/2023\/06\/exploreSamples_PENTAHO-300x219.png 300w, https:\/\/tsmart.com.br\/wp-content\/uploads\/2023\/06\/exploreSamples_PENTAHO-768x560.png 768w, https:\/\/tsmart.com.br\/wp-content\/uploads\/2023\/06\/exploreSamples_PENTAHO-825x602.png 825w, https:\/\/tsmart.com.br\/wp-content\/uploads\/2023\/06\/exploreSamples_PENTAHO-600x438.png 600w, https:\/\/tsmart.com.br\/wp-content\/uploads\/2023\/06\/exploreSamples_PENTAHO-400x292.png 400w, https:\/\/tsmart.com.br\/wp-content\/uploads\/2023\/06\/exploreSamples_PENTAHO.png 1252w\" sizes=\"auto, (max-width: 1024px) 100vw, 1024px\" \/><\/figure>\n\n\n\n<figure class=\"wp-block-image size-full is-resized\"><img loading=\"lazy\" decoding=\"async\" src=\"https:\/\/tsmart.com.br\/wp-content\/uploads\/2023\/06\/GUID-C541B9F4-9587-4B50-8B8A-1DEACC847D0B-low_PENTAHO.png\" alt=\"\" class=\"wp-image-75\" width=\"1069\" height=\"688\" srcset=\"https:\/\/tsmart.com.br\/wp-content\/uploads\/2023\/06\/GUID-C541B9F4-9587-4B50-8B8A-1DEACC847D0B-low_PENTAHO.png 862w, https:\/\/tsmart.com.br\/wp-content\/uploads\/2023\/06\/GUID-C541B9F4-9587-4B50-8B8A-1DEACC847D0B-low_PENTAHO-300x193.png 300w, https:\/\/tsmart.com.br\/wp-content\/uploads\/2023\/06\/GUID-C541B9F4-9587-4B50-8B8A-1DEACC847D0B-low_PENTAHO-768x494.png 768w, https:\/\/tsmart.com.br\/wp-content\/uploads\/2023\/06\/GUID-C541B9F4-9587-4B50-8B8A-1DEACC847D0B-low_PENTAHO-825x531.png 825w, https:\/\/tsmart.com.br\/wp-content\/uploads\/2023\/06\/GUID-C541B9F4-9587-4B50-8B8A-1DEACC847D0B-low_PENTAHO-600x386.png 600w, https:\/\/tsmart.com.br\/wp-content\/uploads\/2023\/06\/GUID-C541B9F4-9587-4B50-8B8A-1DEACC847D0B-low_PENTAHO-400x258.png 400w\" sizes=\"auto, (max-width: 1069px) 100vw, 1069px\" \/><\/figure>\n\n\n\n<figure class=\"wp-block-image size-large\"><img loading=\"lazy\" decoding=\"async\" width=\"1024\" height=\"576\" src=\"https:\/\/tsmart.com.br\/wp-content\/uploads\/2023\/06\/Product-Sales-Dashboard-Example_PENTAHO-1024x576.png\" alt=\"\" class=\"wp-image-77\" srcset=\"https:\/\/tsmart.com.br\/wp-content\/uploads\/2023\/06\/Product-Sales-Dashboard-Example_PENTAHO-1024x576.png 1024w, https:\/\/tsmart.com.br\/wp-content\/uploads\/2023\/06\/Product-Sales-Dashboard-Example_PENTAHO-300x169.png 300w, https:\/\/tsmart.com.br\/wp-content\/uploads\/2023\/06\/Product-Sales-Dashboard-Example_PENTAHO-768x432.png 768w, https:\/\/tsmart.com.br\/wp-content\/uploads\/2023\/06\/Product-Sales-Dashboard-Example_PENTAHO-825x464.png 825w, https:\/\/tsmart.com.br\/wp-content\/uploads\/2023\/06\/Product-Sales-Dashboard-Example_PENTAHO-600x337.png 600w, https:\/\/tsmart.com.br\/wp-content\/uploads\/2023\/06\/Product-Sales-Dashboard-Example_PENTAHO-400x225.png 400w, https:\/\/tsmart.com.br\/wp-content\/uploads\/2023\/06\/Product-Sales-Dashboard-Example_PENTAHO.png 1366w\" sizes=\"auto, (max-width: 1024px) 100vw, 1024px\" \/><\/figure>\n","protected":false},"excerpt":{"rendered":"<p>O Pentaho \u00e9 uma plataforma de c\u00f3digo aberto que fornece uma su\u00edte abrangente de ferramentas de intelig\u00eancia empresarial (BI) e an\u00e1lise de dados. Ele \u00e9 projetado para ajudar as organiza\u00e7\u00f5es&hellip;<a href=\"https:\/\/tsmart.com.br\/index.php\/pentaho-suite\/\" class=\"more-link\"><span class=\"more-button\">Continue reading<span class=\"screen-reader-text\">Pentaho Suite<\/span><\/span><\/a><\/p>\n","protected":false},"author":1,"featured_media":0,"parent":0,"menu_order":0,"comment_status":"closed","ping_status":"closed","template":"","meta":{"footnotes":""},"class_list":["post-69","page","type-page","status-publish","hentry"],"_links":{"self":[{"href":"https:\/\/tsmart.com.br\/index.php\/wp-json\/wp\/v2\/pages\/69","targetHints":{"allow":["GET"]}}],"collection":[{"href":"https:\/\/tsmart.com.br\/index.php\/wp-json\/wp\/v2\/pages"}],"about":[{"href":"https:\/\/tsmart.com.br\/index.php\/wp-json\/wp\/v2\/types\/page"}],"author":[{"embeddable":true,"href":"https:\/\/tsmart.com.br\/index.php\/wp-json\/wp\/v2\/users\/1"}],"replies":[{"embeddable":true,"href":"https:\/\/tsmart.com.br\/index.php\/wp-json\/wp\/v2\/comments?post=69"}],"version-history":[{"count":4,"href":"https:\/\/tsmart.com.br\/index.php\/wp-json\/wp\/v2\/pages\/69\/revisions"}],"predecessor-version":[{"id":78,"href":"https:\/\/tsmart.com.br\/index.php\/wp-json\/wp\/v2\/pages\/69\/revisions\/78"}],"wp:attachment":[{"href":"https:\/\/tsmart.com.br\/index.php\/wp-json\/wp\/v2\/media?parent=69"}],"curies":[{"name":"wp","href":"https:\/\/api.w.org\/{rel}","templated":true}]}}