{"id":153,"date":"2025-04-19T23:11:02","date_gmt":"2025-04-20T02:11:02","guid":{"rendered":"https:\/\/tsmart.com.br\/?page_id=153"},"modified":"2025-04-19T23:16:02","modified_gmt":"2025-04-20T02:16:02","slug":"infraestrutura-de-tecnologia-da-informacao","status":"publish","type":"page","link":"https:\/\/tsmart.com.br\/index.php\/infraestrutura-de-tecnologia-da-informacao\/","title":{"rendered":"Infraestrutura de Tecnologia da Informa\u00e7\u00e3o."},"content":{"rendered":"\n<p>A <strong>TSMART TECNOLOGIA<\/strong> \u00e9 especialista em <strong>projetos de Infraestrutura de Tecnologia da Informa\u00e7\u00e3o<\/strong>, oferecendo solu\u00e7\u00f5es completas, seguras e personalizadas para empresas que buscam efici\u00eancia, desempenho e escalabilidade em seus ambientes tecnol\u00f3gicos.<\/p>\n\n\n\n<p>Com uma equipe altamente qualificada e foco em inova\u00e7\u00e3o, atuamos em todas as etapas do projeto:<\/p>\n\n\n\n<p><br>\u2705 Planejamento e diagn\u00f3stico de infraestrutura.<br>\u2705 Projetos e Implanta\u00e7\u00e3o de redes estruturadas e cabeamento.<br>\u2705 Servidores, storages e data centers.<br>\u2705 Seguran\u00e7a da informa\u00e7\u00e3o e conectividade.<br>\u2705 Virtualiza\u00e7\u00e3o e ambientes em nuvem.<\/p>\n\n\n\n<p>Seja para modernizar sua infraestrutura, garantir alta disponibilidade ou expandir sua opera\u00e7\u00e3o com seguran\u00e7a, a TSMART TECNOLOGIA est\u00e1 pronta para transformar desafios em resultados.<\/p>\n\n\n\n<p>\ud83d\udcde Fale com nossos especialistas e descubra como podemos elevar o n\u00edvel da sua TI!<\/p>\n","protected":false},"excerpt":{"rendered":"<p>A TSMART TECNOLOGIA \u00e9 especialista em projetos de Infraestrutura de Tecnologia da Informa\u00e7\u00e3o, oferecendo solu\u00e7\u00f5es completas, seguras e personalizadas para empresas que buscam efici\u00eancia, desempenho e escalabilidade em seus ambientes&hellip;<a href=\"https:\/\/tsmart.com.br\/index.php\/infraestrutura-de-tecnologia-da-informacao\/\" class=\"more-link\"><span class=\"more-button\">Continue reading<span class=\"screen-reader-text\">Infraestrutura de Tecnologia da Informa\u00e7\u00e3o.<\/span><\/span><\/a><\/p>\n","protected":false},"author":1,"featured_media":0,"parent":0,"menu_order":0,"comment_status":"closed","ping_status":"closed","template":"","meta":{"footnotes":""},"class_list":["post-153","page","type-page","status-publish","hentry"],"_links":{"self":[{"href":"https:\/\/tsmart.com.br\/index.php\/wp-json\/wp\/v2\/pages\/153","targetHints":{"allow":["GET"]}}],"collection":[{"href":"https:\/\/tsmart.com.br\/index.php\/wp-json\/wp\/v2\/pages"}],"about":[{"href":"https:\/\/tsmart.com.br\/index.php\/wp-json\/wp\/v2\/types\/page"}],"author":[{"embeddable":true,"href":"https:\/\/tsmart.com.br\/index.php\/wp-json\/wp\/v2\/users\/1"}],"replies":[{"embeddable":true,"href":"https:\/\/tsmart.com.br\/index.php\/wp-json\/wp\/v2\/comments?post=153"}],"version-history":[{"count":2,"href":"https:\/\/tsmart.com.br\/index.php\/wp-json\/wp\/v2\/pages\/153\/revisions"}],"predecessor-version":[{"id":162,"href":"https:\/\/tsmart.com.br\/index.php\/wp-json\/wp\/v2\/pages\/153\/revisions\/162"}],"wp:attachment":[{"href":"https:\/\/tsmart.com.br\/index.php\/wp-json\/wp\/v2\/media?parent=153"}],"curies":[{"name":"wp","href":"https:\/\/api.w.org\/{rel}","templated":true}]}}