{"id":143,"date":"2024-09-08T19:37:00","date_gmt":"2024-09-08T22:37:00","guid":{"rendered":"https:\/\/tsmart.com.br\/?page_id=143"},"modified":"2024-09-08T19:37:00","modified_gmt":"2024-09-08T22:37:00","slug":"desenvolvimento-de-solucoes","status":"publish","type":"page","link":"https:\/\/tsmart.com.br\/index.php\/desenvolvimento-de-solucoes\/","title":{"rendered":"Desenvolvimento de solu\u00e7\u00f5es."},"content":{"rendered":"\n<p>Na TSMART Tecnologia, somos especialistas no desenvolvimento de aplica\u00e7\u00f5es utilizando solu\u00e7\u00f5es RAD (Rapid Application Development) e ferramentas aceleradoras de desenvolvimento. Nossa expertise nos permite criar solu\u00e7\u00f5es eficientes e personalizadas com agilidade, garantindo que nossos clientes possam rapidamente transformar suas ideias em produtos robustos e de alta qualidade. Com um foco na inova\u00e7\u00e3o e na otimiza\u00e7\u00e3o dos processos de desenvolvimento, entregamos aplica\u00e7\u00f5es que n\u00e3o apenas atendem \u00e0s necessidades imediatas, mas tamb\u00e9m s\u00e3o escal\u00e1veis e preparadas para o futuro.<\/p>\n","protected":false},"excerpt":{"rendered":"<p>Na TSMART Tecnologia, somos especialistas no desenvolvimento de aplica\u00e7\u00f5es utilizando solu\u00e7\u00f5es RAD (Rapid Application Development) e ferramentas aceleradoras de desenvolvimento. Nossa expertise nos permite criar solu\u00e7\u00f5es eficientes e personalizadas com&hellip;<a href=\"https:\/\/tsmart.com.br\/index.php\/desenvolvimento-de-solucoes\/\" class=\"more-link\"><span class=\"more-button\">Continue reading<span class=\"screen-reader-text\">Desenvolvimento de solu\u00e7\u00f5es.<\/span><\/span><\/a><\/p>\n","protected":false},"author":1,"featured_media":0,"parent":0,"menu_order":0,"comment_status":"closed","ping_status":"closed","template":"","meta":{"footnotes":""},"class_list":["post-143","page","type-page","status-publish","hentry"],"_links":{"self":[{"href":"https:\/\/tsmart.com.br\/index.php\/wp-json\/wp\/v2\/pages\/143","targetHints":{"allow":["GET"]}}],"collection":[{"href":"https:\/\/tsmart.com.br\/index.php\/wp-json\/wp\/v2\/pages"}],"about":[{"href":"https:\/\/tsmart.com.br\/index.php\/wp-json\/wp\/v2\/types\/page"}],"author":[{"embeddable":true,"href":"https:\/\/tsmart.com.br\/index.php\/wp-json\/wp\/v2\/users\/1"}],"replies":[{"embeddable":true,"href":"https:\/\/tsmart.com.br\/index.php\/wp-json\/wp\/v2\/comments?post=143"}],"version-history":[{"count":1,"href":"https:\/\/tsmart.com.br\/index.php\/wp-json\/wp\/v2\/pages\/143\/revisions"}],"predecessor-version":[{"id":144,"href":"https:\/\/tsmart.com.br\/index.php\/wp-json\/wp\/v2\/pages\/143\/revisions\/144"}],"wp:attachment":[{"href":"https:\/\/tsmart.com.br\/index.php\/wp-json\/wp\/v2\/media?parent=143"}],"curies":[{"name":"wp","href":"https:\/\/api.w.org\/{rel}","templated":true}]}}