{"id":134,"date":"2024-09-08T18:35:51","date_gmt":"2024-09-08T21:35:51","guid":{"rendered":"https:\/\/tsmart.com.br\/?page_id=134"},"modified":"2024-09-08T18:38:30","modified_gmt":"2024-09-08T21:38:30","slug":"visao","status":"publish","type":"page","link":"https:\/\/tsmart.com.br\/index.php\/visao\/","title":{"rendered":"visao"},"content":{"rendered":"\n<p>Ser refer\u00eancia no mercado de Tecnologia da Informa\u00e7\u00e3o, reconhecida pela nossa capacidade de transformar desafios em oportunidades, pelo compromisso com a inova\u00e7\u00e3o e pela cria\u00e7\u00e3o de rela\u00e7\u00f5es e  valores sustent\u00e1veis para com nossos clientes, colaboradores e sociedade.<\/p>\n","protected":false},"excerpt":{"rendered":"<p>Ser refer\u00eancia no mercado de Tecnologia da Informa\u00e7\u00e3o, reconhecida pela nossa capacidade de transformar desafios em oportunidades, pelo compromisso com a inova\u00e7\u00e3o e pela cria\u00e7\u00e3o de rela\u00e7\u00f5es e valores sustent\u00e1veis&hellip;<a href=\"https:\/\/tsmart.com.br\/index.php\/visao\/\" class=\"more-link\"><span class=\"more-button\">Continue reading<span class=\"screen-reader-text\">visao<\/span><\/span><\/a><\/p>\n","protected":false},"author":1,"featured_media":0,"parent":0,"menu_order":0,"comment_status":"closed","ping_status":"closed","template":"","meta":{"footnotes":""},"class_list":["post-134","page","type-page","status-publish","hentry"],"_links":{"self":[{"href":"https:\/\/tsmart.com.br\/index.php\/wp-json\/wp\/v2\/pages\/134","targetHints":{"allow":["GET"]}}],"collection":[{"href":"https:\/\/tsmart.com.br\/index.php\/wp-json\/wp\/v2\/pages"}],"about":[{"href":"https:\/\/tsmart.com.br\/index.php\/wp-json\/wp\/v2\/types\/page"}],"author":[{"embeddable":true,"href":"https:\/\/tsmart.com.br\/index.php\/wp-json\/wp\/v2\/users\/1"}],"replies":[{"embeddable":true,"href":"https:\/\/tsmart.com.br\/index.php\/wp-json\/wp\/v2\/comments?post=134"}],"version-history":[{"count":3,"href":"https:\/\/tsmart.com.br\/index.php\/wp-json\/wp\/v2\/pages\/134\/revisions"}],"predecessor-version":[{"id":140,"href":"https:\/\/tsmart.com.br\/index.php\/wp-json\/wp\/v2\/pages\/134\/revisions\/140"}],"wp:attachment":[{"href":"https:\/\/tsmart.com.br\/index.php\/wp-json\/wp\/v2\/media?parent=134"}],"curies":[{"name":"wp","href":"https:\/\/api.w.org\/{rel}","templated":true}]}}