{"id":100,"date":"2024-03-21T18:29:02","date_gmt":"2024-03-21T21:29:02","guid":{"rendered":"https:\/\/tsmart.com.br\/?page_id=100"},"modified":"2024-09-08T18:46:39","modified_gmt":"2024-09-08T21:46:39","slug":"missao","status":"publish","type":"page","link":"https:\/\/tsmart.com.br\/index.php\/missao\/","title":{"rendered":"Miss\u00e3o"},"content":{"rendered":"\n<p>Prover solu\u00e7\u00f5es inovadoras em Tecnologia da Informa\u00e7\u00e3o que impulsionem o sucesso dos nossos clientes, por meio do respeito \u00e0s pessoas e do compromisso inabal\u00e1vel com a busca cont\u00ednua pelo aprimoramento de nossos processos, produtos e servi\u00e7os. Nosso foco \u00e9 na excel\u00eancia em cada detalhe, garantindo a entrega de produtos e servi\u00e7os de alta qualidade que superem as expectativas e agreguem valor real aos nossos clientes.<\/p>\n","protected":false},"excerpt":{"rendered":"<p>Prover solu\u00e7\u00f5es inovadoras em Tecnologia da Informa\u00e7\u00e3o que impulsionem o sucesso dos nossos clientes, por meio do respeito \u00e0s pessoas e do compromisso inabal\u00e1vel com a busca cont\u00ednua pelo aprimoramento&hellip;<a href=\"https:\/\/tsmart.com.br\/index.php\/missao\/\" class=\"more-link\"><span class=\"more-button\">Continue reading<span class=\"screen-reader-text\">Miss\u00e3o<\/span><\/span><\/a><\/p>\n","protected":false},"author":1,"featured_media":0,"parent":0,"menu_order":0,"comment_status":"closed","ping_status":"closed","template":"","meta":{"footnotes":""},"class_list":["post-100","page","type-page","status-publish","hentry"],"_links":{"self":[{"href":"https:\/\/tsmart.com.br\/index.php\/wp-json\/wp\/v2\/pages\/100","targetHints":{"allow":["GET"]}}],"collection":[{"href":"https:\/\/tsmart.com.br\/index.php\/wp-json\/wp\/v2\/pages"}],"about":[{"href":"https:\/\/tsmart.com.br\/index.php\/wp-json\/wp\/v2\/types\/page"}],"author":[{"embeddable":true,"href":"https:\/\/tsmart.com.br\/index.php\/wp-json\/wp\/v2\/users\/1"}],"replies":[{"embeddable":true,"href":"https:\/\/tsmart.com.br\/index.php\/wp-json\/wp\/v2\/comments?post=100"}],"version-history":[{"count":2,"href":"https:\/\/tsmart.com.br\/index.php\/wp-json\/wp\/v2\/pages\/100\/revisions"}],"predecessor-version":[{"id":142,"href":"https:\/\/tsmart.com.br\/index.php\/wp-json\/wp\/v2\/pages\/100\/revisions\/142"}],"wp:attachment":[{"href":"https:\/\/tsmart.com.br\/index.php\/wp-json\/wp\/v2\/media?parent=100"}],"curies":[{"name":"wp","href":"https:\/\/api.w.org\/{rel}","templated":true}]}}